{"id":2,"date":"2016-05-10T03:48:21","date_gmt":"2016-05-10T03:48:21","guid":{"rendered":"http:\/\/tischlein-deck-dich-alfeld.de\/?page_id=2"},"modified":"2026-01-23T10:20:03","modified_gmt":"2026-01-23T10:20:03","slug":"sample-page","status":"publish","type":"page","link":"https:\/\/tischlein-deck-dich-alfeld.de\/?page_id=2","title":{"rendered":"Tischlein"},"content":{"rendered":"<div class=\"container\">\n<div class=\"col-12\">\n<div id=\"page-title\">\n<h1>\u201eTischlein Deck Dich&#8220;<\/h1>\n<div id=\"bold-line\"><\/div>\n<\/div>\n<\/div>\n<div class=\"clearfix\"><\/div>\n<div class=\"col-8\">\n<div class=\"article padding-right\">\n<p>ist ein sozialer Mittagstisch, zu dem sich w\u00f6chentlich ca. 100 G\u00e4ste jeden Alters und jeder Herkunft einfinden.<\/p>\n<p>Hierbei geht es nicht um eine Essensausgabe, sondern viel mehr um eine kommunikative Plattform gegen Vereinsamung und f\u00fcr ein soziales Miteinander. Das Motto lautet: Jeder ist willkommen, egal welchen Alters, Religion, finanziellen oder sozialen Hintergrunds, hier geht es um Gemeinschaft, um Zuh\u00f6ren und Teilhabe.<\/p>\n<p>Die Tische werden von den ca. 40 ehrenamtlichen Helfern in 4 w\u00f6chentlich wechselnden Teams liebevoll eingedeckt und dekoriert. Das Essen wird am Tisch serviert und es gibt stets ein offenes Ohr f\u00fcr vertrauliche Gespr\u00e4che.<\/p>\n<p><a href=\"https:\/\/tischlein-deck-dich-alfeld.de\/wp-content\/uploads\/2017\/11\/tischlein_deck_dich_alfeld.jpg\" data-rel=\"lightbox-image-0\" data-rl_title=\"\" data-rl_caption=\"\" title=\"\"><img loading=\"lazy\" decoding=\"async\" class=\"alignnone wp-image-39 size-large\" src=\"https:\/\/tischlein-deck-dich-alfeld.de\/wp-content\/uploads\/2017\/11\/tischlein_deck_dich_alfeld-1024x683.jpg\" alt=\"tischlein_deck_dich_alfeld\" width=\"525\" height=\"350\" srcset=\"https:\/\/tischlein-deck-dich-alfeld.de\/wp-content\/uploads\/2017\/11\/tischlein_deck_dich_alfeld.jpg 1024w, https:\/\/tischlein-deck-dich-alfeld.de\/wp-content\/uploads\/2017\/11\/tischlein_deck_dich_alfeld-300x200.jpg 300w, https:\/\/tischlein-deck-dich-alfeld.de\/wp-content\/uploads\/2017\/11\/tischlein_deck_dich_alfeld-768x512.jpg 768w\" sizes=\"auto, (max-width: 525px) 100vw, 525px\" \/><\/a><\/p>\n<p>Einmal im Jahr wird ein Sommerfest mit Tr\u00f6delmarkt organisiert, der neben Spenden der Finanzierung des Projekts dient.<\/p>\n<p>Tischlein Deck Dich findet jeden Dienstag von 12:00 &#8211; 14:00 h im Gemeinderaum der katholischen St. Marien Kirche in Alfeld statt und neue G\u00e4ste sind stets willkommen.<\/p>\n<p>Wenn Sie sich vorstellen k\u00f6nnen, Teil des Teams zu werden, oder Sie uns mit einer Spende unterst\u00fctzen m\u00f6chten, freut sich dar\u00fcber das gesamte Tischlein Deck Dich, Helfer wie G\u00e4ste, denn wir alle zusammen sind eine Gemeinschaft &#8211; jeder ist herzlich willkommen!<\/p>\n<p>Wir essen gemeinsam &#8211; nicht einsam!<\/p>\n<p>F\u00fcr weitere Fragen stehen die Leitung, Frau Brigitte Kaser und Corinna Z\u00fchlsdorff gerne zur Verf\u00fcgung.<\/p>\n<\/div>\n<\/div>\n<\/div>\n","protected":false},"excerpt":{"rendered":"<p>\u201eTischlein Deck Dich&#8220; ist ein sozialer Mittagstisch, zu dem sich w\u00f6chentlich ca. 100 G\u00e4ste jeden Alters und jeder Herkunft einfinden. Hierbei geht es nicht um eine Essensausgabe, sondern viel mehr um eine kommunikative Plattform gegen Vereinsamung und f\u00fcr ein soziales Miteinander. Das Motto lautet: Jeder ist willkommen, egal welchen Alters, Religion, finanziellen oder sozialen Hintergrunds, [&hellip;]<\/p>\n","protected":false},"author":1,"featured_media":0,"parent":0,"menu_order":0,"comment_status":"closed","ping_status":"closed","template":"","meta":{"site-sidebar-layout":"default","site-content-layout":"","ast-site-content-layout":"default","site-content-style":"default","site-sidebar-style":"default","ast-global-header-display":"","ast-banner-title-visibility":"","ast-main-header-display":"","ast-hfb-above-header-display":"","ast-hfb-below-header-display":"","ast-hfb-mobile-header-display":"","site-post-title":"","ast-breadcrumbs-content":"","ast-featured-img":"","footer-sml-layout":"","ast-disable-related-posts":"","theme-transparent-header-meta":"","adv-header-id-meta":"","stick-header-meta":"","header-above-stick-meta":"","header-main-stick-meta":"","header-below-stick-meta":"","astra-migrate-meta-layouts":"set","ast-page-background-enabled":"default","ast-page-background-meta":{"desktop":{"background-color":"var(--ast-global-color-4)","background-image":"","background-repeat":"repeat","background-position":"center center","background-size":"auto","background-attachment":"scroll","background-type":"","background-media":"","overlay-type":"","overlay-color":"","overlay-opacity":"","overlay-gradient":""},"tablet":{"background-color":"","background-image":"","background-repeat":"repeat","background-position":"center center","background-size":"auto","background-attachment":"scroll","background-type":"","background-media":"","overlay-type":"","overlay-color":"","overlay-opacity":"","overlay-gradient":""},"mobile":{"background-color":"","background-image":"","background-repeat":"repeat","background-position":"center center","background-size":"auto","background-attachment":"scroll","background-type":"","background-media":"","overlay-type":"","overlay-color":"","overlay-opacity":"","overlay-gradient":""}},"ast-content-background-meta":{"desktop":{"background-color":"var(--ast-global-color-5)","background-image":"","background-repeat":"repeat","background-position":"center center","background-size":"auto","background-attachment":"scroll","background-type":"","background-media":"","overlay-type":"","overlay-color":"","overlay-opacity":"","overlay-gradient":""},"tablet":{"background-color":"var(--ast-global-color-5)","background-image":"","background-repeat":"repeat","background-position":"center center","background-size":"auto","background-attachment":"scroll","background-type":"","background-media":"","overlay-type":"","overlay-color":"","overlay-opacity":"","overlay-gradient":""},"mobile":{"background-color":"var(--ast-global-color-5)","background-image":"","background-repeat":"repeat","background-position":"center center","background-size":"auto","background-attachment":"scroll","background-type":"","background-media":"","overlay-type":"","overlay-color":"","overlay-opacity":"","overlay-gradient":""}},"footnotes":""},"class_list":["post-2","page","type-page","status-publish","hentry"],"_links":{"self":[{"href":"https:\/\/tischlein-deck-dich-alfeld.de\/index.php?rest_route=\/wp\/v2\/pages\/2","targetHints":{"allow":["GET"]}}],"collection":[{"href":"https:\/\/tischlein-deck-dich-alfeld.de\/index.php?rest_route=\/wp\/v2\/pages"}],"about":[{"href":"https:\/\/tischlein-deck-dich-alfeld.de\/index.php?rest_route=\/wp\/v2\/types\/page"}],"author":[{"embeddable":true,"href":"https:\/\/tischlein-deck-dich-alfeld.de\/index.php?rest_route=\/wp\/v2\/users\/1"}],"replies":[{"embeddable":true,"href":"https:\/\/tischlein-deck-dich-alfeld.de\/index.php?rest_route=%2Fwp%2Fv2%2Fcomments&post=2"}],"version-history":[{"count":5,"href":"https:\/\/tischlein-deck-dich-alfeld.de\/index.php?rest_route=\/wp\/v2\/pages\/2\/revisions"}],"predecessor-version":[{"id":254,"href":"https:\/\/tischlein-deck-dich-alfeld.de\/index.php?rest_route=\/wp\/v2\/pages\/2\/revisions\/254"}],"wp:attachment":[{"href":"https:\/\/tischlein-deck-dich-alfeld.de\/index.php?rest_route=%2Fwp%2Fv2%2Fmedia&parent=2"}],"curies":[{"name":"wp","href":"https:\/\/api.w.org\/{rel}","templated":true}]}}